{"id":467,"date":"2021-11-26T16:17:02","date_gmt":"2021-11-26T13:17:02","guid":{"rendered":"http:\/\/elawinsatis.com\/?post_type=product&#038;p=467"},"modified":"2022-01-08T20:38:55","modified_gmt":"2022-01-08T17:38:55","slug":"fiyonklu-flok-baskili-vucut-corabi","status":"publish","type":"product","link":"https:\/\/elawin.com\/tr\/urun\/fiyonklu-flok-baskili-vucut-corabi\/","title":{"rendered":"Fiyonklu Flok Bask\u0131l\u0131 V\u00fccut \u00c7orab\u0131"},"content":{"rendered":"","protected":false},"excerpt":{"rendered":"<p>Marka: : <strong>Elawin<\/strong><br \/>\n\u00dcr\u00fcn Kodu: : <strong>#9060<\/strong><br \/>\nBeden: : <strong>S-M-L-XL<\/strong><\/p>\n","protected":false},"featured_media":799,"comment_status":"closed","ping_status":"closed","template":"","meta":{"_acf_changed":false},"product_brand":[],"product_cat":[22],"product_tag":[],"class_list":{"0":"post-467","1":"product","2":"type-product","3":"status-publish","4":"has-post-thumbnail","6":"product_cat-vucut-corabi","8":"first","9":"instock","10":"shipping-taxable","11":"product-type-simple"},"acf":[],"_links":{"self":[{"href":"https:\/\/elawin.com\/tr\/wp-json\/wp\/v2\/product\/467","targetHints":{"allow":["GET"]}}],"collection":[{"href":"https:\/\/elawin.com\/tr\/wp-json\/wp\/v2\/product"}],"about":[{"href":"https:\/\/elawin.com\/tr\/wp-json\/wp\/v2\/types\/product"}],"replies":[{"embeddable":true,"href":"https:\/\/elawin.com\/tr\/wp-json\/wp\/v2\/comments?post=467"}],"wp:featuredmedia":[{"embeddable":true,"href":"https:\/\/elawin.com\/tr\/wp-json\/wp\/v2\/media\/799"}],"wp:attachment":[{"href":"https:\/\/elawin.com\/tr\/wp-json\/wp\/v2\/media?parent=467"}],"wp:term":[{"taxonomy":"product_brand","embeddable":true,"href":"https:\/\/elawin.com\/tr\/wp-json\/wp\/v2\/product_brand?post=467"},{"taxonomy":"product_cat","embeddable":true,"href":"https:\/\/elawin.com\/tr\/wp-json\/wp\/v2\/product_cat?post=467"},{"taxonomy":"product_tag","embeddable":true,"href":"https:\/\/elawin.com\/tr\/wp-json\/wp\/v2\/product_tag?post=467"}],"curies":[{"name":"wp","href":"https:\/\/api.w.org\/{rel}","templated":true}]}}