{"id":457,"date":"2021-11-26T16:00:59","date_gmt":"2021-11-26T13:00:59","guid":{"rendered":"http:\/\/elawinsatis.com\/?post_type=product&#038;p=457"},"modified":"2022-01-08T20:47:26","modified_gmt":"2022-01-08T17:47:26","slug":"kirmizi-lateksli-vucut-corabi","status":"publish","type":"product","link":"https:\/\/elawin.com\/tr\/urun\/kirmizi-lateksli-vucut-corabi\/","title":{"rendered":"K\u0131rm\u0131z\u0131 Lateksli V\u00fccut \u00c7orab\u0131"},"content":{"rendered":"","protected":false},"excerpt":{"rendered":"<p>Marka: : <strong>Elawin<\/strong><br \/>\n\u00dcr\u00fcn Kodu: : <strong>#9035<\/strong><br \/>\nBeden: : <strong>1-2<\/strong><\/p>\n","protected":false},"featured_media":805,"comment_status":"closed","ping_status":"closed","template":"","meta":{"_acf_changed":false},"product_brand":[],"product_cat":[22],"product_tag":[],"class_list":{"0":"post-457","1":"product","2":"type-product","3":"status-publish","4":"has-post-thumbnail","6":"product_cat-vucut-corabi","8":"first","9":"instock","10":"shipping-taxable","11":"product-type-simple"},"acf":[],"_links":{"self":[{"href":"https:\/\/elawin.com\/tr\/wp-json\/wp\/v2\/product\/457","targetHints":{"allow":["GET"]}}],"collection":[{"href":"https:\/\/elawin.com\/tr\/wp-json\/wp\/v2\/product"}],"about":[{"href":"https:\/\/elawin.com\/tr\/wp-json\/wp\/v2\/types\/product"}],"replies":[{"embeddable":true,"href":"https:\/\/elawin.com\/tr\/wp-json\/wp\/v2\/comments?post=457"}],"wp:featuredmedia":[{"embeddable":true,"href":"https:\/\/elawin.com\/tr\/wp-json\/wp\/v2\/media\/805"}],"wp:attachment":[{"href":"https:\/\/elawin.com\/tr\/wp-json\/wp\/v2\/media?parent=457"}],"wp:term":[{"taxonomy":"product_brand","embeddable":true,"href":"https:\/\/elawin.com\/tr\/wp-json\/wp\/v2\/product_brand?post=457"},{"taxonomy":"product_cat","embeddable":true,"href":"https:\/\/elawin.com\/tr\/wp-json\/wp\/v2\/product_cat?post=457"},{"taxonomy":"product_tag","embeddable":true,"href":"https:\/\/elawin.com\/tr\/wp-json\/wp\/v2\/product_tag?post=457"}],"curies":[{"name":"wp","href":"https:\/\/api.w.org\/{rel}","templated":true}]}}