{"id":454,"date":"2021-11-26T15:57:02","date_gmt":"2021-11-26T12:57:02","guid":{"rendered":"http:\/\/elawinsatis.com\/?post_type=product&#038;p=454"},"modified":"2022-01-08T20:50:18","modified_gmt":"2022-01-08T17:50:18","slug":"fermuarli-tul-vucut-corabi","status":"publish","type":"product","link":"https:\/\/elawin.com\/tr\/urun\/fermuarli-tul-vucut-corabi\/","title":{"rendered":"Fermuarl\u0131 T\u00fcl V\u00fccut \u00c7orab\u0131"},"content":{"rendered":"","protected":false},"excerpt":{"rendered":"<p>Marka: : <strong>Elawin<\/strong><br \/>\n\u00dcr\u00fcn Kodu: : <strong>#9025<\/strong><br \/>\nBeden: : <strong>1-2<\/strong><\/p>\n","protected":false},"featured_media":807,"comment_status":"closed","ping_status":"closed","template":"","meta":{"_acf_changed":false},"product_brand":[],"product_cat":[22],"product_tag":[],"class_list":{"0":"post-454","1":"product","2":"type-product","3":"status-publish","4":"has-post-thumbnail","6":"product_cat-vucut-corabi","8":"first","9":"instock","10":"shipping-taxable","11":"product-type-simple"},"acf":[],"_links":{"self":[{"href":"https:\/\/elawin.com\/tr\/wp-json\/wp\/v2\/product\/454","targetHints":{"allow":["GET"]}}],"collection":[{"href":"https:\/\/elawin.com\/tr\/wp-json\/wp\/v2\/product"}],"about":[{"href":"https:\/\/elawin.com\/tr\/wp-json\/wp\/v2\/types\/product"}],"replies":[{"embeddable":true,"href":"https:\/\/elawin.com\/tr\/wp-json\/wp\/v2\/comments?post=454"}],"wp:featuredmedia":[{"embeddable":true,"href":"https:\/\/elawin.com\/tr\/wp-json\/wp\/v2\/media\/807"}],"wp:attachment":[{"href":"https:\/\/elawin.com\/tr\/wp-json\/wp\/v2\/media?parent=454"}],"wp:term":[{"taxonomy":"product_brand","embeddable":true,"href":"https:\/\/elawin.com\/tr\/wp-json\/wp\/v2\/product_brand?post=454"},{"taxonomy":"product_cat","embeddable":true,"href":"https:\/\/elawin.com\/tr\/wp-json\/wp\/v2\/product_cat?post=454"},{"taxonomy":"product_tag","embeddable":true,"href":"https:\/\/elawin.com\/tr\/wp-json\/wp\/v2\/product_tag?post=454"}],"curies":[{"name":"wp","href":"https:\/\/api.w.org\/{rel}","templated":true}]}}