{"id":418,"date":"2021-11-26T15:17:33","date_gmt":"2021-11-26T12:17:33","guid":{"rendered":"http:\/\/elawinsatis.com\/?post_type=product&#038;p=418"},"modified":"2022-01-09T00:15:51","modified_gmt":"2022-01-08T21:15:51","slug":"yazili-dantelli-hizmetci-kostum","status":"publish","type":"product","link":"https:\/\/elawin.com\/tr\/urun\/yazili-dantelli-hizmetci-kostum\/","title":{"rendered":"Yaz\u0131l\u0131 Dantelli Hizmet\u00e7i Kost\u00fcm"},"content":{"rendered":"","protected":false},"excerpt":{"rendered":"<p>Marka: : <strong>Elawin<\/strong><br \/>\n\u00dcr\u00fcn Kodu: : <strong>#8115<\/strong><br \/>\nBeden: : <strong>S-M-L-XL-XXL<\/strong><\/p>\n","protected":false},"featured_media":834,"comment_status":"closed","ping_status":"closed","template":"","meta":{"_acf_changed":false},"product_brand":[],"product_cat":[20],"product_tag":[],"class_list":{"0":"post-418","1":"product","2":"type-product","3":"status-publish","4":"has-post-thumbnail","6":"product_cat-fantazi-kostum","8":"first","9":"instock","10":"shipping-taxable","11":"product-type-simple"},"acf":[],"_links":{"self":[{"href":"https:\/\/elawin.com\/tr\/wp-json\/wp\/v2\/product\/418","targetHints":{"allow":["GET"]}}],"collection":[{"href":"https:\/\/elawin.com\/tr\/wp-json\/wp\/v2\/product"}],"about":[{"href":"https:\/\/elawin.com\/tr\/wp-json\/wp\/v2\/types\/product"}],"replies":[{"embeddable":true,"href":"https:\/\/elawin.com\/tr\/wp-json\/wp\/v2\/comments?post=418"}],"wp:featuredmedia":[{"embeddable":true,"href":"https:\/\/elawin.com\/tr\/wp-json\/wp\/v2\/media\/834"}],"wp:attachment":[{"href":"https:\/\/elawin.com\/tr\/wp-json\/wp\/v2\/media?parent=418"}],"wp:term":[{"taxonomy":"product_brand","embeddable":true,"href":"https:\/\/elawin.com\/tr\/wp-json\/wp\/v2\/product_brand?post=418"},{"taxonomy":"product_cat","embeddable":true,"href":"https:\/\/elawin.com\/tr\/wp-json\/wp\/v2\/product_cat?post=418"},{"taxonomy":"product_tag","embeddable":true,"href":"https:\/\/elawin.com\/tr\/wp-json\/wp\/v2\/product_tag?post=418"}],"curies":[{"name":"wp","href":"https:\/\/api.w.org\/{rel}","templated":true}]}}