{"id":26,"date":"2021-09-29T10:15:17","date_gmt":"2021-09-29T07:15:17","guid":{"rendered":"http:\/\/elawinsatis.com\/?page_id=26"},"modified":"2021-12-17T09:26:02","modified_gmt":"2021-12-17T06:26:02","slug":"iletisim","status":"publish","type":"page","link":"https:\/\/elawin.com\/tr\/iletisim\/","title":{"rendered":"\u0130leti\u015fim"},"content":{"rendered":"<div class=\"row\"  id=\"row-1875227998\">\n\r\n\t<div id=\"col-2034853477\" class=\"col medium-5 small-12 large-5\"  >\r\n\t\t\t\t<div class=\"col-inner\"  >\r\n\t\t\t\r\n\t\t\t\n<div class=\"container section-title-container\" ><h3 class=\"section-title section-title-normal\"><b><\/b><span class=\"section-title-main\" >Elawin Toptan Ma\u011fazam\u0131z<\/span><b><\/b><\/h3><\/div>\n<p><strong>Telefon: <\/strong>+90 212 507 82 47<br \/><strong><br \/>Whatsapp: <\/strong>+90 542 771 82 47<br \/><strong><br \/>E-Posta: <\/strong>info@elawin.com<br \/><strong><br \/>Adres: <\/strong>Sururi Mah. Tarak\u00e7i Cafer Sok. Ibrahimo\u011flu I\u015fhani 16\/B <br \/>Ye\u015fildirek \/ Emin\u00f6n\u00fc \/ \u0130stanbul \/ T\u00fcrkiye<\/p>\n\t\t<\/div>\r\n\t\t\t\t\t<\/div>\r\n\r\n\t\n\r\n\t<div id=\"col-1229216686\" class=\"col medium-7 small-12 large-7\"  >\r\n\t\t\t\t<div class=\"col-inner\"  >\r\n\t\t\t\r\n\t\t\t\n<p><iframe src=\"https:\/\/www.google.com\/maps\/embed?pb=!1m14!1m8!1m3!1d316.4467364782262!2d28.97130092234858!3d41.01287839863861!3m2!1i1024!2i768!4f13.1!3m3!1m2!1s0x14cab9948d0ff6f1%3A0x7a1f35a039b2891f!2zU3VydXJpLCBUYXJha8OnxLEgQ2FmZXIgU2suLCAzNDEyMCBGYXRpaC_EsHN0YW5idWw!5e0!3m2!1str!2str!4v1632922381862!5m2!1str!2str\" width=\"100%\" height=\"350\" style=\"border:0;\" allowfullscreen=\"\" loading=\"lazy\"><\/iframe><\/p>\n\t\t<\/div>\r\n\t\t\t\t\t<\/div>\r\n\r\n\t\n\n<style>\n#row-1875227998 > .col > .col-inner {\n  padding: 20px 0px 0px 0px;\n}\n<\/style>\n<\/div>\n<div class=\"row\"  id=\"row-790836763\">\n\r\n\t<div id=\"col-84311137\" class=\"col medium-5 small-12 large-5\"  >\r\n\t\t\t\t<div class=\"col-inner\"  >\r\n\t\t\t\r\n\t\t\t\n<div class=\"container section-title-container\" ><h3 class=\"section-title section-title-normal\"><b><\/b><span class=\"section-title-main\" >Elawin Fabrikam\u0131z<\/span><b><\/b><\/h3><\/div>\n<p><strong>Telefon: <\/strong>+90 216 413 03 43<\/p>\n<p><strong>E-Posta: <\/strong>info@elawin.com<\/p>\n<p><strong>Adres: <\/strong>Mecidiye Mh. Demokrasi Cd. Aza Sk. 2\/A Sultanbeyli \/ \u0130stanbul<\/p>\n\t\t<\/div>\r\n\t\t\t\t\t<\/div>\r\n\r\n\t\n\r\n\t<div id=\"col-807007224\" class=\"col medium-7 small-12 large-7\"  >\r\n\t\t\t\t<div class=\"col-inner\"  >\r\n\t\t\t\r\n\t\t\t\n<p><iframe src=\"https:\/\/www.google.com\/maps\/embed?pb=!1m18!1m12!1m3!1d376.64432864407297!2d29.29355564616502!3d40.95619129110307!2m3!1f0!2f0!3f0!3m2!1i1024!2i768!4f13.1!3m3!1m2!1s0x14cad091039e604d%3A0xe0cbde245ee77f1!2sMecidiye%2C%20Aza%20Sk.%202a%2C%2034930%20Sultanbeyli%2F%C4%B0stanbul!5e0!3m2!1str!2str!4v1639722007001!5m2!1str!2str\" width=\"100%\" height=\"350\" style=\"border:0;\" allowfullscreen=\"\" loading=\"lazy\"><\/iframe><\/p>\n\t\t<\/div>\r\n\t\t\t\t\t<\/div>\r\n\r\n\t\n<\/div>\n<div class=\"row\"  id=\"row-1433641849\">\n\r\n\t<div id=\"col-93078275\" class=\"col medium-5 small-12 large-5\"  >\r\n\t\t\t\t<div class=\"col-inner\"  >\r\n\t\t\t\r\n\t\t\t\n<div class=\"container section-title-container\" ><h3 class=\"section-title section-title-normal\"><b><\/b><span class=\"section-title-main\" >Elawin \u0130ngiltere \u015eubemiz<\/span><b><\/b><\/h3><\/div>\n<p><strong>Telefon:<\/strong>+44 (0) 7775 087467<\/p>\n<p><strong>E-Posta: <\/strong>info@elawin.com<\/p>\n<p><strong>Adres: <\/strong>Siddeley House 50 Canbury Park Road,Kingston upon Thames,KT2 6LX LONDON<\/p>\n\t\t<\/div>\r\n\t\t\t\t\t<\/div>\r\n\r\n\t\n\r\n\t<div id=\"col-331561082\" class=\"col medium-7 small-12 large-7\"  >\r\n\t\t\t\t<div class=\"col-inner\"  >\r\n\t\t\t\r\n\t\t\t\n<p><iframe src=\"https:\/\/www.google.com\/maps\/embed?pb=!1m16!1m12!1m3!1d523.1338349115077!2d-0.298891622978021!3d51.413014444235216!2m3!1f0!2f0!3f0!3m2!1i1024!2i768!4f13.1!2m1!1sSiddeley%20House%2050%20Canbury%20Park%20Road%2CKingston%20upon%20Thames%2CKT2%206LX%20LONDON!5e0!3m2!1str!2str!4v1639722272545!5m2!1str!2str\" width=\"100%\" height=\"350\" style=\"border:0;\" allowfullscreen=\"\" loading=\"lazy\"><\/iframe><\/p>\n\t\t<\/div>\r\n\t\t\t\t\t<\/div>\r\n\r\n\t\n<\/div>\n","protected":false},"excerpt":{"rendered":"","protected":false},"author":1,"featured_media":0,"parent":0,"menu_order":0,"comment_status":"closed","ping_status":"closed","template":"page-blank.php","meta":{"_acf_changed":false,"footnotes":""},"class_list":["post-26","page","type-page","status-publish","hentry"],"acf":[],"_links":{"self":[{"href":"https:\/\/elawin.com\/tr\/wp-json\/wp\/v2\/pages\/26","targetHints":{"allow":["GET"]}}],"collection":[{"href":"https:\/\/elawin.com\/tr\/wp-json\/wp\/v2\/pages"}],"about":[{"href":"https:\/\/elawin.com\/tr\/wp-json\/wp\/v2\/types\/page"}],"author":[{"embeddable":true,"href":"https:\/\/elawin.com\/tr\/wp-json\/wp\/v2\/users\/1"}],"replies":[{"embeddable":true,"href":"https:\/\/elawin.com\/tr\/wp-json\/wp\/v2\/comments?post=26"}],"version-history":[{"count":7,"href":"https:\/\/elawin.com\/tr\/wp-json\/wp\/v2\/pages\/26\/revisions"}],"predecessor-version":[{"id":605,"href":"https:\/\/elawin.com\/tr\/wp-json\/wp\/v2\/pages\/26\/revisions\/605"}],"wp:attachment":[{"href":"https:\/\/elawin.com\/tr\/wp-json\/wp\/v2\/media?parent=26"}],"curies":[{"name":"wp","href":"https:\/\/api.w.org\/{rel}","templated":true}]}}