{"id":24,"date":"2021-09-29T10:15:07","date_gmt":"2021-09-29T07:15:07","guid":{"rendered":"http:\/\/elawinsatis.com\/?page_id=24"},"modified":"2021-09-29T16:35:23","modified_gmt":"2021-09-29T13:35:23","slug":"vizyon-misyon","status":"publish","type":"page","link":"https:\/\/elawin.com\/tr\/vizyon-misyon\/","title":{"rendered":"Vizyon &#038; Misyon"},"content":{"rendered":"<p>Firmam\u0131z\u0131n yetenek ve kapasiteleri do\u011frultusunda, Erotik ve Fantezi \u00fcr\u00fcn gruplar\u0131nda d\u00fcnyadaki geli\u015fmeleri ve yenilikleri takip ederek her ge\u00e7en g\u00fcn mevcut potansiyelimizin \u00fczerine \u00e7\u0131k\u0131yoruz.<\/p>\n<p>Firmam\u0131z Lingerie, i\u00e7 \u00e7ama\u015f\u0131r, gece k\u0131yafetlerinde uzmanla\u015fm\u0131\u015f deneyimli kadrosu ve y\u00fcksek diki\u015f kalitesi ile dantel, embrodery, t\u00fcl, mikro, saten kuma\u015flar\u0131 kullan\u0131p i\u015flemektedir.<\/p>\n<p>Giri\u015fimlerimiz sonucu hem \u00fcretim kapasitemizde hem de \u00fcr\u00fcnlerimizin kalitesinde y\u00fcksek verimlilik elde ediyoruz. Bu verimlilik sayesinde m\u00fc\u015fterilerimize ve toplumumuza katt\u0131\u011f\u0131m\u0131z de\u011feri, s\u00fcrekli ve belirgin bi\u00e7imde art\u0131rarak geli\u015ftiriyoruz.<\/p>\n<p>Ayn\u0131 zamanda \u00fclkemizi uluslar aras\u0131 platformda temsil ediyoruz, d\u00fcnyadaki trendi takip ediyoruz, bunun bir sonucu olarak t\u00fcketicilerimizi de koruyarak m\u00fc\u015fterilerimize en iyiyi ve en kaliteliyi sunmak i\u00e7in ekip olarak devaml\u0131 \u00e7al\u0131\u015f\u0131yoruz.<\/p>\n","protected":false},"excerpt":{"rendered":"<p>Firmam\u0131z\u0131n yetenek ve kapasiteleri do\u011frultusunda, Erotik ve Fantezi \u00fcr\u00fcn gruplar\u0131nda d\u00fcnyadaki geli\u015fmeleri ve yenilikleri takip ederek her ge\u00e7en g\u00fcn mevcut potansiyelimizin \u00fczerine \u00e7\u0131k\u0131yoruz. Firmam\u0131z Lingerie, i\u00e7 \u00e7ama\u015f\u0131r, gece k\u0131yafetlerinde uzmanla\u015fm\u0131\u015f deneyimli kadrosu ve y\u00fcksek diki\u015f kalitesi ile dantel, embrodery, t\u00fcl, mikro, saten kuma\u015flar\u0131 kullan\u0131p i\u015flemektedir. Giri\u015fimlerimiz sonucu hem \u00fcretim kapasitemizde hem de \u00fcr\u00fcnlerimizin kalitesinde y\u00fcksek [&#8230;]\n","protected":false},"author":1,"featured_media":0,"parent":0,"menu_order":0,"comment_status":"closed","ping_status":"closed","template":"","meta":{"_acf_changed":false,"footnotes":""},"class_list":["post-24","page","type-page","status-publish","hentry"],"acf":[],"_links":{"self":[{"href":"https:\/\/elawin.com\/tr\/wp-json\/wp\/v2\/pages\/24","targetHints":{"allow":["GET"]}}],"collection":[{"href":"https:\/\/elawin.com\/tr\/wp-json\/wp\/v2\/pages"}],"about":[{"href":"https:\/\/elawin.com\/tr\/wp-json\/wp\/v2\/types\/page"}],"author":[{"embeddable":true,"href":"https:\/\/elawin.com\/tr\/wp-json\/wp\/v2\/users\/1"}],"replies":[{"embeddable":true,"href":"https:\/\/elawin.com\/tr\/wp-json\/wp\/v2\/comments?post=24"}],"version-history":[{"count":2,"href":"https:\/\/elawin.com\/tr\/wp-json\/wp\/v2\/pages\/24\/revisions"}],"predecessor-version":[{"id":105,"href":"https:\/\/elawin.com\/tr\/wp-json\/wp\/v2\/pages\/24\/revisions\/105"}],"wp:attachment":[{"href":"https:\/\/elawin.com\/tr\/wp-json\/wp\/v2\/media?parent=24"}],"curies":[{"name":"wp","href":"https:\/\/api.w.org\/{rel}","templated":true}]}}