{"id":22,"date":"2021-09-29T10:14:52","date_gmt":"2021-09-29T07:14:52","guid":{"rendered":"http:\/\/elawinsatis.com\/?page_id=22"},"modified":"2021-09-29T16:30:33","modified_gmt":"2021-09-29T13:30:33","slug":"hakkimizda","status":"publish","type":"page","link":"https:\/\/elawin.com\/tr\/hakkimizda\/","title":{"rendered":"Hakk\u0131m\u0131zda"},"content":{"rendered":"<p>1991 y\u0131l\u0131nda tekstil sekt\u00f6r\u00fcndeki ticari faaliyetlerine ba\u015flayan firmam\u0131z, 2001 y\u0131l\u0131ndan \u00fcr\u00fcn yelpazesini tamamen de\u011fi\u015ftirerek fantezi i\u00e7 giyim \u00fcr\u00fcn grubuna yo\u011funluk vermi\u015ftir. Sekt\u00f6rde \u00fcst\u00fcn kaliteli sonu\u00e7lara ula\u015fmay\u0131 kendimize ilke edindik ve bu ilkemizden yola \u00e7\u0131karak toplam kalite y\u00f6netimi ile devaml\u0131l\u0131k g\u00f6steren, kabul ve tercih edilir sonu\u00e7lara ula\u015fm\u0131\u015f olduk. Firmam\u0131z \u00fcst\u00fcn kalite, uygun fiyat politikas\u0131 ile tasar\u0131mlara verdikleri \u00f6nem prensipleri \u00fczerine kurulmu\u015ftur.<\/p>\n<p>Firmam\u0131z\u0131n yetenek ve kapasiteleri do\u011frultusunda, Erotik ve Fantezi \u00fcr\u00fcn gruplar\u0131nda d\u00fcnyadaki geli\u015fmeleri ve yenilikleri takip ederek her ge\u00e7en g\u00fcn mevcut potansiyelimizin \u00fczerine \u00e7\u0131k\u0131yoruz. Firmam\u0131z Lingerie, i\u00e7 \u00e7ama\u015f\u0131r, gece k\u0131yafetlerinde uzmanla\u015fm\u0131\u015f deneyimli kadrosu ve y\u00fcksek diki\u015f kalitesi ile dantel, embrodery, t\u00fcl, mikro, saten kuma\u015flar\u0131 kullan\u0131p i\u015flemektedir. Giri\u015fimlerimiz sonucu hem \u00fcretim kapasitemizde hem de \u00fcr\u00fcnlerimizin kalitesinde y\u00fcksek verimlilik elde ediyoruz. Bu verimlilik sayesinde m\u00fc\u015fterilerimize ve toplumumuza katt\u0131\u011f\u0131m\u0131z de\u011feri, s\u00fcrekli ve belirgin bi\u00e7imde art\u0131rarak geli\u015ftiriyoruz. Ayn\u0131 zamanda \u00fclkemizi uluslar aras\u0131 platformda temsil ediyoruz, d\u00fcnyadaki trendi takip ediyoruz, bunun bir sonucu olarak t\u00fcketicilerimizi de koruyarak m\u00fc\u015fterilerimize en iyiyi ve en kaliteliyi sunmak i\u00e7in ekip olarak devaml\u0131 \u00e7al\u0131\u015f\u0131yoruz.<\/p>\n","protected":false},"excerpt":{"rendered":"<p>1991 y\u0131l\u0131nda tekstil sekt\u00f6r\u00fcndeki ticari faaliyetlerine ba\u015flayan firmam\u0131z, 2001 y\u0131l\u0131ndan \u00fcr\u00fcn yelpazesini tamamen de\u011fi\u015ftirerek fantezi i\u00e7 giyim \u00fcr\u00fcn grubuna yo\u011funluk vermi\u015ftir. Sekt\u00f6rde \u00fcst\u00fcn kaliteli sonu\u00e7lara ula\u015fmay\u0131 kendimize ilke edindik ve bu ilkemizden yola \u00e7\u0131karak toplam kalite y\u00f6netimi ile devaml\u0131l\u0131k g\u00f6steren, kabul ve tercih edilir sonu\u00e7lara ula\u015fm\u0131\u015f olduk. Firmam\u0131z \u00fcst\u00fcn kalite, uygun fiyat politikas\u0131 ile tasar\u0131mlara [&#8230;]\n","protected":false},"author":1,"featured_media":0,"parent":0,"menu_order":0,"comment_status":"closed","ping_status":"closed","template":"","meta":{"_acf_changed":false,"footnotes":""},"class_list":["post-22","page","type-page","status-publish","hentry"],"acf":[],"_links":{"self":[{"href":"https:\/\/elawin.com\/tr\/wp-json\/wp\/v2\/pages\/22","targetHints":{"allow":["GET"]}}],"collection":[{"href":"https:\/\/elawin.com\/tr\/wp-json\/wp\/v2\/pages"}],"about":[{"href":"https:\/\/elawin.com\/tr\/wp-json\/wp\/v2\/types\/page"}],"author":[{"embeddable":true,"href":"https:\/\/elawin.com\/tr\/wp-json\/wp\/v2\/users\/1"}],"replies":[{"embeddable":true,"href":"https:\/\/elawin.com\/tr\/wp-json\/wp\/v2\/comments?post=22"}],"version-history":[{"count":2,"href":"https:\/\/elawin.com\/tr\/wp-json\/wp\/v2\/pages\/22\/revisions"}],"predecessor-version":[{"id":97,"href":"https:\/\/elawin.com\/tr\/wp-json\/wp\/v2\/pages\/22\/revisions\/97"}],"wp:attachment":[{"href":"https:\/\/elawin.com\/tr\/wp-json\/wp\/v2\/media?parent=22"}],"curies":[{"name":"wp","href":"https:\/\/api.w.org\/{rel}","templated":true}]}}